{"id":17757,"date":"2021-01-11T02:32:57","date_gmt":"2021-01-11T00:32:57","guid":{"rendered":"https:\/\/skrubcosmetics.com\/banochka-dlia-khraneniia-mylo-shampunia\/"},"modified":"2023-03-09T03:25:23","modified_gmt":"2023-03-09T01:25:23","slug":"banochka-dlia-khraneniia-mylo-shampunia","status":"publish","type":"product","link":"https:\/\/skrubcosmetics.com\/ru\/banochka-dlia-khraneniia-mylo-shampunia\/","title":{"rendered":"\u0411\u0410\u041d\u041e\u0427\u041a\u0410 \u0414\u041b\u042f \u0425\u0420\u0410\u041d\u0415\u041d\u0418\u042f \u041c\u042b\u041b\u041e-\u0428\u0410\u041c\u041f\u0423\u041d\u042f"},"content":{"rendered":"<p>Trauks izgatavots no alum\u012bnija ar skr\u016bv\u0113jamu v\u0101ku, kas herm\u0113tiski nosl\u0113dzas.Trauks ir paredz\u0113ts \u0161amp\u016bnziepju ilgsto\u0161ai uzglab\u0101\u0161anai un transport\u0113\u0161anai. \u041e\u0442\u043b\u0438\u0447\u043d\u043e \u043f\u0440\u0438\u0433\u043e\u0434\u0438\u0442\u0441\u044f \u0432 \u043f\u0443\u0442\u0435\u0448\u0435\u0441\u0442\u0432\u0438\u044f\u0445 \u0438\u043b\u0438, \u043d\u0430\u043f\u0440\u0438\u043c\u0435\u0440, \u0434\u043b\u044f \u043f\u043e\u0445\u043e\u0434\u0430 \u0432 \u0441\u043f\u043e\u0440\u0442\u0437\u0430\u043b. \u0415\u0441\u043b\u0438 \u0445\u043e\u0442\u0438\u0442\u0435 \u043c\u044b\u043b\u043e \u0434\u043e\u043b\u0433\u043e \u0445\u0440\u0430\u043d\u0438\u0442\u044c \u0432 \u0431\u0430\u043d\u043e\u0447\u043a\u0435, \u0434\u0430\u0439\u0442\u0435 \u0435\u043c\u0443 \u0432\u044b\u0441\u043e\u0445\u043d\u0443\u0442\u044c, \u0430 \u0443\u0436\u0435 \u043f\u043e\u0442\u043e\u043c \u043f\u0435\u0440\u0435\u043b\u043e\u0436\u0438\u0442\u0435 \u0435\u0433\u043e \u0432 \u0431\u0430\u043d\u043e\u0447\u043a\u0443 \u0438 \u0437\u0430\u043a\u0440\u043e\u0439\u0442\u0435 \u043a\u0440\u044b\u0448\u043a\u0443. \u0415\u0441\u043b\u0438 \u043c\u044b\u043b\u043e\u043c-\u0448\u0430\u043c\u043f\u0443\u043d\u0435\u043c \u043f\u043e\u043b\u044c\u0437\u0443\u0435\u0442\u0435\u0441\u044c \u0435\u0436\u0435\u0434\u043d\u0435\u0432\u043d\u043e \u0438 \u0445\u0440\u0430\u043d\u0438\u0442\u0435 \u0435\u0433\u043e \u0432 \u0431\u0430\u043d\u043e\u0447\u043a\u0435, \u0432\u0441\u0435\u0433\u0434\u0430 \u0441\u043d\u0438\u043c\u0438\u0442\u0435 \u0441 \u043d\u0435\u0435 \u043a\u0440\u044b\u0448\u043a\u0443 \u0438 \u0434\u0430\u0439\u0442\u0435 \u043c\u044b\u043b\u0443 \u0432\u044b\u0441\u043e\u0445\u043d\u0443\u0442\u044c.<\/p>\n<p>&nbsp;<\/p>\n","protected":false},"excerpt":{"rendered":"<p>\u0411\u0430\u043d\u043e\u0447\u043a\u0430 \u0438\u0437\u0433\u043e\u0442\u043e\u0432\u043b\u0435\u043d\u0430 \u0438\u0437 \u0430\u043b\u044e\u043c\u0438\u043d\u0438\u044f \u0441 \u0433\u0435\u0440\u043c\u0435\u0442\u0438\u0447\u043d\u043e \u0437\u0430\u043a\u0440\u044b\u0432\u0430\u044e\u0449\u0435\u0439 \u0437\u0430\u043a\u0440\u0443\u0447\u0438\u0432\u0430\u0435\u043c\u043e\u0439 \u043a\u0440\u044b\u0448\u043a\u043e\u0439. \u0411\u0430\u043d\u043e\u0447\u043a\u0430 \u043f\u0440\u0435\u0434\u043d\u0430\u0437\u043d\u0430\u0447\u0435\u043d\u0430 \u0434\u043b\u044f \u0434\u043b\u0438\u0442\u0435\u043b\u044c\u043d\u043e\u0433\u043e \u0445\u0440\u0430\u043d\u0435\u043d\u0438\u044f \u0438 \u0442\u0440\u0430\u043d\u0441\u043f\u043e\u0440\u0442\u0438\u0440\u043e\u0432\u043a\u0438. \u041e\u0442\u043b\u0438\u0447\u043d\u043e \u043f\u0440\u0438\u0433\u043e\u0434\u0438\u0442\u0441\u044f \u0432 \u043f\u0443\u0442\u0435\u0448\u0435\u0441\u0442\u0432\u0438\u044f\u0445 \u0438\u043b\u0438, \u043d\u0430\u043f\u0440\u0438\u043c\u0435\u0440, \u0434\u043b\u044f \u043f\u043e\u0445\u043e\u0434\u0430 \u0432 \u0441\u043f\u043e\u0440\u0442\u0437\u0430\u043b. \u0415\u0441\u043b\u0438 \u0445\u043e\u0442\u0438\u0442\u0435 \u043c\u044b\u043b\u043e \u0434\u043e\u043b\u0433\u043e \u0445\u0440\u0430\u043d\u0438\u0442\u044c \u0432 \u0431\u0430\u043d\u043e\u0447\u043a\u0435, \u0434\u0430\u0439\u0442\u0435 \u0435\u043c\u0443 \u0432\u044b\u0441\u043e\u0445\u043d\u0443\u0442\u044c, \u0430 \u0443\u0436\u0435 \u043f\u043e\u0442\u043e\u043c \u043f\u0435\u0440\u0435\u043b\u043e\u0436\u0438\u0442\u0435 \u0435\u0433\u043e \u0432 \u0431\u0430\u043d\u043e\u0447\u043a\u0443 \u0438 \u0437\u0430\u043a\u0440\u043e\u0439\u0442\u0435 \u043a\u0440\u044b\u0448\u043a\u0443. \u0415\u0441\u043b\u0438 \u043c\u044b\u043b\u043e\u043c-\u0448\u0430\u043c\u043f\u0443\u043d\u0435\u043c \u043f\u043e\u043b\u044c\u0437\u0443\u0435\u0442\u0435\u0441\u044c \u0435\u0436\u0435\u0434\u043d\u0435\u0432\u043d\u043e \u0438 \u0445\u0440\u0430\u043d\u0438\u0442\u0435 \u0435\u0433\u043e \u0432 \u0431\u0430\u043d\u043e\u0447\u043a\u0435, \u0432\u0441\u0435\u0433\u0434\u0430 \u0441\u043d\u0438\u043c\u0438\u0442\u0435 \u0441 \u043d\u0435\u0435 \u043a\u0440\u044b\u0448\u043a\u0443 \u0438 \u0434\u0430\u0439\u0442\u0435 \u043c\u044b\u043b\u0443 \u0432\u044b\u0441\u043e\u0445\u043d\u0443\u0442\u044c.<\/p>\n","protected":false},"featured_media":21168,"comment_status":"closed","ping_status":"closed","template":"","meta":{"inline_featured_image":false},"product_brand":[],"product_cat":[498,484],"product_tag":[503,502],"class_list":{"0":"post-17757","1":"product","2":"type-product","3":"status-publish","4":"has-post-thumbnail","6":"product_cat-498","7":"product_cat-484","8":"product_tag-503","9":"product_tag-502","11":"first","12":"instock","13":"taxable","14":"shipping-taxable","15":"purchasable","16":"product-type-simple"},"_links":{"self":[{"href":"https:\/\/skrubcosmetics.com\/ru\/wp-json\/wp\/v2\/product\/17757","targetHints":{"allow":["GET"]}}],"collection":[{"href":"https:\/\/skrubcosmetics.com\/ru\/wp-json\/wp\/v2\/product"}],"about":[{"href":"https:\/\/skrubcosmetics.com\/ru\/wp-json\/wp\/v2\/types\/product"}],"replies":[{"embeddable":true,"href":"https:\/\/skrubcosmetics.com\/ru\/wp-json\/wp\/v2\/comments?post=17757"}],"wp:featuredmedia":[{"embeddable":true,"href":"https:\/\/skrubcosmetics.com\/ru\/wp-json\/wp\/v2\/media\/21168"}],"wp:attachment":[{"href":"https:\/\/skrubcosmetics.com\/ru\/wp-json\/wp\/v2\/media?parent=17757"}],"wp:term":[{"taxonomy":"product_brand","embeddable":true,"href":"https:\/\/skrubcosmetics.com\/ru\/wp-json\/wp\/v2\/product_brand?post=17757"},{"taxonomy":"product_cat","embeddable":true,"href":"https:\/\/skrubcosmetics.com\/ru\/wp-json\/wp\/v2\/product_cat?post=17757"},{"taxonomy":"product_tag","embeddable":true,"href":"https:\/\/skrubcosmetics.com\/ru\/wp-json\/wp\/v2\/product_tag?post=17757"}],"curies":[{"name":"wp","href":"https:\/\/api.w.org\/{rel}","templated":true}]}}