{"id":21216,"date":"2024-05-13T23:23:21","date_gmt":"2024-05-13T20:23:21","guid":{"rendered":"https:\/\/skrubcosmetics.com\/?post_type=product&#038;p=21216"},"modified":"2024-10-03T20:05:03","modified_gmt":"2024-10-03T17:05:03","slug":"apelsinu-skrub-2","status":"publish","type":"product","link":"https:\/\/skrubcosmetics.com\/lt\/apelsinu-skrub-2\/","title":{"rendered":"APELSIN\u0172 SKRUB &#8211; MA\u017dAS"},"content":{"rendered":"<p style=\"font-weight: 400;\">Apelsin\u0173 ir kavos \u0161veitiklis primins \u0161iltas vasaros naktis, gaiv\u0173 \u012fdeg\u012f ir \u0161velni\u0105 od\u0105. Gaivusis citrusini\u0173 vaisi\u0173 aromatas \u017evalina, malta kava, cukrus, j\u016bros druska ir Himalaj\u0173 ro\u017ein\u0117 druska giliai valo nuo odos pasenusias l\u0105steles, skatina toksin\u0173 \u0161alinim\u0105 ir gerina kraujotak\u0105. Masa\u017eo metu naudojant sausuosius kavos \u0161veitiklius SKRUB COSMETICS jie padeda kovoti su celiulitu, sausa oda, taip pat atkuria sveik\u0105 odos i\u0161vaizd\u0105. \u0160veitiklius naudojant reguliariai oda tampa \u0161velnesn\u0117, stangresn\u0117 ir jaunatvi\u0161kesn\u0117.<\/p>\n<p style=\"font-weight: 400;\"><strong>Naudojimas:<\/strong><\/p>\n<p style=\"font-weight: 400;\"><strong>Ant k\u016bno.\u00a0<\/strong>\u0160veitikl\u012f u\u017etepti ant dr\u0117gnos odos, masa\u017euoti \u012f od\u0105 iki 10 minu\u010di\u0173 ir nuskalauti vandeniu. Naudoti 2\u20133 kartus per savait\u0119.<\/p>\n<p style=\"font-weight: 400;\"><strong>Ant veido.\u00a0<\/strong>\u0160veitikl\u012f u\u017etepti ant dr\u0117gnos veido odos, masa\u017euoti \u012f od\u0105 nuo 2 iki 3 minu\u010di\u0173 ir nuskalauti. Naudoti 1 kart\u0105 per savait\u0119. \u0160veitikl\u012f galima naudoti kaip kauk\u0119 veido odai maitinti ir dr\u0117kinti likus 5 minut\u0117ms iki \u0161veitimo proced\u016bros. Nenaudoti ant pa\u017eeistos odos. Saugoti, kad nepatekt\u0173 \u012f akis.<\/p>\n<p style=\"font-weight: 400;\">Produktas nebuvo i\u0161bandytas su gyv\u016bnais.<\/p>\n<p style=\"font-weight: 400;\">\u0160velni ir gaivi oda su SKRUB COSMETICS!<\/p>\n","protected":false},"excerpt":{"rendered":"<p>Tai bandomasis arba ma\u017eos pakuot\u0117s Skrub, suteikiantis galimyb\u0119 i\u0161bandyti apelsin\u0173 \u0161veitikl\u012f u\u017e ma\u017eesn\u0119 pradin\u0119 kain\u0105.<\/p>\n<div><span lang=\"LT\">Apelsin\u0173 ir kavos \u0161veitiklis primins \u0161iltas vasaros naktis, gaiv\u0173 \u012fdeg\u012f ir \u0161velni\u0105 od\u0105. Gaivusis citrusini\u0173 vaisi\u0173 aromatas \u017evalina, malta kava, cukrus, j\u016bros druska ir Himalaj\u0173 ro\u017ein\u0117 druska giliai valo nuo odos pasenusias l\u0105steles, skatina toksin\u0173 \u0161alinim\u0105 ir gerina kraujotak\u0105.<a name=\"_Hlk82514334\"><\/a><\/span><\/div>\n<p>Svoris (gr.) +\/- 40<\/p>\n","protected":false},"featured_media":21178,"comment_status":"closed","ping_status":"closed","template":"","meta":{"inline_featured_image":false},"product_brand":[],"product_cat":[],"product_tag":[],"class_list":{"0":"post-21216","1":"product","2":"type-product","3":"status-publish","4":"has-post-thumbnail","7":"first","8":"instock","9":"taxable","10":"shipping-taxable","11":"purchasable","12":"product-type-simple"},"_links":{"self":[{"href":"https:\/\/skrubcosmetics.com\/lt\/wp-json\/wp\/v2\/product\/21216","targetHints":{"allow":["GET"]}}],"collection":[{"href":"https:\/\/skrubcosmetics.com\/lt\/wp-json\/wp\/v2\/product"}],"about":[{"href":"https:\/\/skrubcosmetics.com\/lt\/wp-json\/wp\/v2\/types\/product"}],"replies":[{"embeddable":true,"href":"https:\/\/skrubcosmetics.com\/lt\/wp-json\/wp\/v2\/comments?post=21216"}],"wp:featuredmedia":[{"embeddable":true,"href":"https:\/\/skrubcosmetics.com\/lt\/wp-json\/wp\/v2\/media\/21178"}],"wp:attachment":[{"href":"https:\/\/skrubcosmetics.com\/lt\/wp-json\/wp\/v2\/media?parent=21216"}],"wp:term":[{"taxonomy":"product_brand","embeddable":true,"href":"https:\/\/skrubcosmetics.com\/lt\/wp-json\/wp\/v2\/product_brand?post=21216"},{"taxonomy":"product_cat","embeddable":true,"href":"https:\/\/skrubcosmetics.com\/lt\/wp-json\/wp\/v2\/product_cat?post=21216"},{"taxonomy":"product_tag","embeddable":true,"href":"https:\/\/skrubcosmetics.com\/lt\/wp-json\/wp\/v2\/product_tag?post=21216"}],"curies":[{"name":"wp","href":"https:\/\/api.w.org\/{rel}","templated":true}]}}